{"id":1917,"date":"2020-06-18T15:08:42","date_gmt":"2020-06-18T13:08:42","guid":{"rendered":"https:\/\/tecnocompfiltri.com\/?page_id=1917"},"modified":"2020-06-18T15:08:42","modified_gmt":"2020-06-18T13:08:42","slug":"secteurs-dapplication-elements-filtrants","status":"publish","type":"page","link":"https:\/\/tecnocompfiltri.com\/fr\/secteurs-dapplication-elements-filtrants\/","title":{"rendered":"Secteurs d&rsquo;application El\u00e9ments filtrants"},"content":{"rendered":"<div class=\"wpb-content-wrapper\"><p>[vc_row margin_bottom=\u00a0\u00bb0&Prime; padding_top=\u00a0\u00bb0&Prime; padding_bottom=\u00a0\u00bb0&Prime;][vc_column][vc_column_text]<\/p>\n<h3>POUDRES ET FUMES SECS<\/h3>\n<p>[\/vc_column_text][\/vc_column][\/vc_row][vc_row][vc_column width=\u00a0\u00bb2\/3&Prime;][vc_single_image image=\u00a0\u00bb1327&Prime; img_size=\u00a0\u00bb480&#215;250&Prime; style=\u00a0\u00bbvc_box_border\u00a0\u00bb onclick=\u00a0\u00bblink_image\u00a0\u00bb][\/vc_column][vc_column width=\u00a0\u00bb1\/3&Prime;][vc_column_text]Filtres \u00e0 air pour syst\u00e8mes de:<\/p>\n<ul>\n<li>Peinture en poudre<\/li>\n<li>Traitement de surface<\/li>\n<li>Transformation du bois<\/li>\n<li>Soudage<\/li>\n<li>Sablage<\/li>\n<li>D\u00e9coupe plasma et laser<\/li>\n<li>Traitement du ciment<\/li>\n<\/ul>\n<p>[\/vc_column_text][\/vc_column][\/vc_row][vc_row][vc_column][vc_separator color=\u00a0\u00bbcustom\u00a0\u00bb border_width=\u00a0\u00bb2&Prime; accent_color=\u00a0\u00bb#eeeeee\u00a0\u00bb][\/vc_column][\/vc_row][vc_row margin_bottom=\u00a0\u00bb0&Prime; padding_top=\u00a0\u00bb0&Prime; padding_bottom=\u00a0\u00bb0&Prime;][vc_column][vc_column_text]<\/p>\n<h3>BROUILLARDS HUILEUSES<\/h3>\n<p>[\/vc_column_text][\/vc_column][\/vc_row][vc_row][vc_column width=\u00a0\u00bb2\/3&Prime;][vc_single_image image=\u00a0\u00bb1370&Prime; img_size=\u00a0\u00bb480&#215;250&Prime; alignment=\u00a0\u00bbright\u00a0\u00bb style=\u00a0\u00bbvc_box_border\u00a0\u00bb onclick=\u00a0\u00bblink_image\u00a0\u00bb][\/vc_column][vc_column width=\u00a0\u00bb1\/3&Prime;][vc_column_text]Filtres \u00e0 air pour:<\/p>\n<ul>\n<li>\u00c9mulsions d&rsquo;huile<\/li>\n<li>Vapeurs d&rsquo;huile<\/li>\n<li>Machines et travail des m\u00e9taux<\/li>\n<li>Traitements thermiques<\/li>\n<li>Production alimentaire<\/li>\n<\/ul>\n<p>[\/vc_column_text][\/vc_column][\/vc_row][vc_row][vc_column][vc_separator color=\u00a0\u00bbcustom\u00a0\u00bb border_width=\u00a0\u00bb2&Prime; accent_color=\u00a0\u00bb#eeeeee\u00a0\u00bb][\/vc_column][\/vc_row][vc_row margin_bottom=\u00a0\u00bb0&Prime; padding_top=\u00a0\u00bb0&Prime; padding_bottom=\u00a0\u00bb0&Prime;][vc_column][vc_column_text]<\/p>\n<h3>TURBINES A GAZ<\/h3>\n<p>[\/vc_column_text][\/vc_column][\/vc_row][vc_row][vc_column width=\u00a0\u00bb2\/3&Prime;][vc_single_image image=\u00a0\u00bb1622&Prime; img_size=\u00a0\u00bb480&#215;250&Prime; style=\u00a0\u00bbvc_box_border\u00a0\u00bb onclick=\u00a0\u00bblink_image\u00a0\u00bb][\/vc_column][vc_column width=\u00a0\u00bb1\/3&Prime; css=\u00a0\u00bb.vc_custom_1465975929313{padding: 10px !important;}\u00a0\u00bb][vc_column_text]Pr\u00e9filtration et filtration fine dans les syst\u00e8mes Pulse-Jet et Static.<br \/>\nTypes de turbines:<\/p>\n<ul>\n<li>Ansaldo<\/li>\n<li>Nuovo Pignone<\/li>\n<li>General Electric<\/li>\n<li>Siemens<\/li>\n<li>Turbomach<\/li>\n<\/ul>\n<p>[\/vc_column_text][\/vc_column][\/vc_row][vc_row][vc_column][vc_separator color=\u00a0\u00bbcustom\u00a0\u00bb border_width=\u00a0\u00bb2&Prime; accent_color=\u00a0\u00bb#eeeeee\u00a0\u00bb][\/vc_column][\/vc_row][vc_row margin_bottom=\u00a0\u00bb0&Prime; padding_top=\u00a0\u00bb0&Prime; padding_bottom=\u00a0\u00bb0&Prime;][vc_column][vc_column_text]<\/p>\n<h3>COMFORT<\/h3>\n<p>[\/vc_column_text][\/vc_column][\/vc_row][vc_row][vc_column width=\u00a0\u00bb2\/3&Prime;][vc_single_image image=\u00a0\u00bb1665&Prime; img_size=\u00a0\u00bb480&#215;250&Prime; alignment=\u00a0\u00bbright\u00a0\u00bb style=\u00a0\u00bbvc_box_border\u00a0\u00bb onclick=\u00a0\u00bblink_image\u00a0\u00bb][\/vc_column][vc_column width=\u00a0\u00bb1\/3&Prime;][vc_column_text]Filtres pour unit\u00e9s de traitement d&rsquo;air:<\/p>\n<ul>\n<li>Les a\u00e9roports<\/li>\n<li>B\u00e2timents commerciaux<\/li>\n<li>\u00c9coles<\/li>\n<li>Universit\u00e9<\/li>\n<li>Food &amp; Beverage<\/li>\n<\/ul>\n<p>[\/vc_column_text][\/vc_column][\/vc_row][vc_row][vc_column][vc_separator color=\u00a0\u00bbcustom\u00a0\u00bb border_width=\u00a0\u00bb2&Prime; accent_color=\u00a0\u00bb#eeeeee\u00a0\u00bb][\/vc_column][\/vc_row][vc_row margin_bottom=\u00a0\u00bb0&Prime; padding_top=\u00a0\u00bb0&Prime; padding_bottom=\u00a0\u00bb0&Prime;][vc_column][vc_column_text]<\/p>\n<h3>FILTRATION ABSOLUE<\/h3>\n<p>[\/vc_column_text][\/vc_column][\/vc_row][vc_row][vc_column width=\u00a0\u00bb2\/3&Prime;][vc_single_image image=\u00a0\u00bb1328&Prime; img_size=\u00a0\u00bb480&#215;250&Prime; style=\u00a0\u00bbvc_box_border\u00a0\u00bb onclick=\u00a0\u00bblink_image\u00a0\u00bb][\/vc_column][vc_column width=\u00a0\u00bb1\/3&Prime; css=\u00a0\u00bb.vc_custom_1465975929313{padding: 10px !important;}\u00a0\u00bb][vc_column_text]Filtres pour unit\u00e9s de traitement d&rsquo;air:<\/p>\n<ul>\n<li>Les h\u00f4pitaux<\/li>\n<li>Industrie pharmaceutique<\/li>\n<li>Industrie chimique<\/li>\n<li>Industrie \u00e9lectronique<\/li>\n<li>Ateliers<\/li>\n<\/ul>\n<p>[\/vc_column_text][\/vc_column][\/vc_row][vc_row][vc_column][vc_separator color=\u00a0\u00bbcustom\u00a0\u00bb border_width=\u00a0\u00bb2&Prime; accent_color=\u00a0\u00bb#eeeeee\u00a0\u00bb][\/vc_column][\/vc_row][vc_row margin_bottom=\u00a0\u00bb0&Prime; padding_top=\u00a0\u00bb0&Prime; padding_bottom=\u00a0\u00bb0&Prime;][vc_column][vc_column_text]<\/p>\n<h3>ELECTROEROSION<\/h3>\n<p>[\/vc_column_text][\/vc_column][\/vc_row][vc_row][vc_column width=\u00a0\u00bb2\/3&Prime;][vc_single_image image=\u00a0\u00bb1358&Prime; img_size=\u00a0\u00bb480&#215;250&Prime; style=\u00a0\u00bbvc_box_border\u00a0\u00bb onclick=\u00a0\u00bblink_image\u00a0\u00bb][\/vc_column][vc_column width=\u00a0\u00bb1\/3&Prime; css=\u00a0\u00bb.vc_custom_1465975929313{padding: 10px !important;}\u00a0\u00bb][vc_column_text]Filtres pour machines <strong>EDM<\/strong> \u00e0 liquide avec fil et dip.<\/p>\n<ul>\n<li>Agie Charmilles<\/li>\n<li>Fanuc<\/li>\n<li>Sodic<\/li>\n<li>Ecc.<\/li>\n<\/ul>\n<p>[\/vc_column_text][\/vc_column][\/vc_row][vc_row][vc_column][vc_separator color=\u00a0\u00bbcustom\u00a0\u00bb border_width=\u00a0\u00bb2&Prime; accent_color=\u00a0\u00bb#eeeeee\u00a0\u00bb][\/vc_column][\/vc_row][vc_row margin_bottom=\u00a0\u00bb0&Prime; padding_top=\u00a0\u00bb0&Prime; padding_bottom=\u00a0\u00bb0&Prime;][vc_column][vc_column_text]<\/p>\n<h3>VEHICULES INDUSTRIELS<\/h3>\n<p>[\/vc_column_text][\/vc_column][\/vc_row][vc_row][vc_column width=\u00a0\u00bb2\/3&Prime;][vc_single_image image=\u00a0\u00bb1139&Prime; img_size=\u00a0\u00bb480&#215;250&Prime; style=\u00a0\u00bbvc_box_border\u00a0\u00bb onclick=\u00a0\u00bblink_image\u00a0\u00bb][\/vc_column][vc_column width=\u00a0\u00bb1\/3&Prime; css=\u00a0\u00bb.vc_custom_1465975929313{padding: 10px !important;}\u00a0\u00bb][vc_column_text]Filtres \u00e0 air moteur de tous les fabricants pour:<\/p>\n<ul>\n<li>Camions<\/li>\n<li>Autobus<\/li>\n<li>Machines agricoles<\/li>\n<li>Engins de terrassement<\/li>\n<\/ul>\n<p>[\/vc_column_text][\/vc_column][\/vc_row][vc_row][vc_column][vc_separator color=\u00a0\u00bbcustom\u00a0\u00bb border_width=\u00a0\u00bb2&Prime; accent_color=\u00a0\u00bb#eeeeee\u00a0\u00bb][\/vc_column][\/vc_row][vc_row margin_bottom=\u00a0\u00bb0&Prime; padding_top=\u00a0\u00bb0&Prime; padding_bottom=\u00a0\u00bb0&Prime;][vc_column][vc_column_text]<\/p>\n<h3>PROJETS<\/h3>\n<p>[\/vc_column_text][\/vc_column][\/vc_row][vc_row][vc_column width=\u00a0\u00bb2\/3&Prime;][vc_single_image image=\u00a0\u00bb1623&Prime; img_size=\u00a0\u00bb480&#215;250&Prime; style=\u00a0\u00bbvc_box_border\u00a0\u00bb onclick=\u00a0\u00bblink_image\u00a0\u00bb][\/vc_column][vc_column width=\u00a0\u00bb1\/3&Prime; css=\u00a0\u00bb.vc_custom_1465975929313{padding: 10px !important;}\u00a0\u00bb][vc_column_text]D\u00e9veloppement et construction:<\/p>\n<ul>\n<li>Machines et lignes compl\u00e8tes pour la production de filtres \u00e0 huile, \u00e0 air, \u00e0 carburant et hydrauliques, y compris Know-How<\/li>\n<li>Assistance technique et maintenance des machines de filtration<\/li>\n<\/ul>\n<p>[\/vc_column_text][\/vc_column][\/vc_row][vc_row][vc_column][vc_separator color=\u00a0\u00bbcustom\u00a0\u00bb border_width=\u00a0\u00bb2&Prime; accent_color=\u00a0\u00bb#eeeeee\u00a0\u00bb][\/vc_column][\/vc_row]<\/p>\n<\/div>","protected":false},"excerpt":{"rendered":"<p>[vc_row margin_bottom=\u00a0\u00bb0&Prime; padding_top=\u00a0\u00bb0&Prime; padding_bottom=\u00a0\u00bb0&Prime;][vc_column][vc_column_text] POUDRES ET FUMES SECS [\/vc_column_text][\/vc_column][\/vc_row][vc_row][vc_column width=\u00a0\u00bb2\/3&Prime;][vc_single_image image=\u00a0\u00bb1327&Prime; img_size=\u00a0\u00bb480&#215;250&Prime; style=\u00a0\u00bbvc_box_border\u00a0\u00bb onclick=\u00a0\u00bblink_image\u00a0\u00bb][\/vc_column][vc_column width=\u00a0\u00bb1\/3&Prime;][vc_column_text]Filtres \u00e0 air pour syst\u00e8mes de: Peinture &#8230;<\/p>\n","protected":false},"author":3,"featured_media":0,"parent":0,"menu_order":0,"comment_status":"closed","ping_status":"closed","template":"","meta":{"_monsterinsights_skip_tracking":false,"_monsterinsights_sitenote_active":false,"_monsterinsights_sitenote_note":"","_monsterinsights_sitenote_category":0,"footnotes":""},"class_list":["post-1917","page","type-page","status-publish","hentry"],"yoast_head":"<!-- This site is optimized with the Yoast SEO plugin v27.6 - https:\/\/yoast.com\/product\/yoast-seo-wordpress\/ -->\n<title>Secteurs d&#039;application El\u00e9ments filtrants - Tecnocomp<\/title>\n<meta name=\"robots\" content=\"index, follow, max-snippet:-1, max-image-preview:large, max-video-preview:-1\" \/>\n<link rel=\"canonical\" href=\"https:\/\/tecnocompfiltri.com\/fr\/secteurs-dapplication-elements-filtrants\/\" \/>\n<meta property=\"og:locale\" content=\"fr_FR\" \/>\n<meta property=\"og:type\" content=\"article\" \/>\n<meta property=\"og:title\" content=\"Secteurs d&#039;application El\u00e9ments filtrants - Tecnocomp\" \/>\n<meta property=\"og:description\" content=\"[vc_row margin_bottom=\u00a0\u00bb0&Prime; padding_top=\u00a0\u00bb0&Prime; padding_bottom=\u00a0\u00bb0&Prime;][vc_column][vc_column_text] POUDRES ET FUMES SECS [\/vc_column_text][\/vc_column][\/vc_row][vc_row][vc_column width=\u00a0\u00bb2\/3&Prime;][vc_single_image image=\u00a0\u00bb1327&Prime; img_size=\u00a0\u00bb480&#215;250&Prime; style=\u00a0\u00bbvc_box_border\u00a0\u00bb onclick=\u00a0\u00bblink_image\u00a0\u00bb][\/vc_column][vc_column width=\u00a0\u00bb1\/3&Prime;][vc_column_text]Filtres \u00e0 air pour syst\u00e8mes de: Peinture ...\" \/>\n<meta property=\"og:url\" content=\"https:\/\/tecnocompfiltri.com\/fr\/secteurs-dapplication-elements-filtrants\/\" \/>\n<meta property=\"og:site_name\" content=\"Tecnocomp\" \/>\n<meta name=\"twitter:card\" content=\"summary_large_image\" \/>\n<meta name=\"twitter:label1\" content=\"Dur\u00e9e de lecture estim\u00e9e\" \/>\n\t<meta name=\"twitter:data1\" content=\"4 minutes\" \/>\n<script type=\"application\/ld+json\" class=\"yoast-schema-graph\">{\"@context\":\"https:\\\/\\\/schema.org\",\"@graph\":[{\"@type\":\"WebPage\",\"@id\":\"https:\\\/\\\/tecnocompfiltri.com\\\/fr\\\/secteurs-dapplication-elements-filtrants\\\/\",\"url\":\"https:\\\/\\\/tecnocompfiltri.com\\\/fr\\\/secteurs-dapplication-elements-filtrants\\\/\",\"name\":\"Secteurs d'application El\u00e9ments filtrants - Tecnocomp\",\"isPartOf\":{\"@id\":\"https:\\\/\\\/tecnocompfiltri.com\\\/#website\"},\"datePublished\":\"2020-06-18T13:08:42+00:00\",\"breadcrumb\":{\"@id\":\"https:\\\/\\\/tecnocompfiltri.com\\\/fr\\\/secteurs-dapplication-elements-filtrants\\\/#breadcrumb\"},\"inLanguage\":\"fr-FR\",\"potentialAction\":[{\"@type\":\"ReadAction\",\"target\":[\"https:\\\/\\\/tecnocompfiltri.com\\\/fr\\\/secteurs-dapplication-elements-filtrants\\\/\"]}]},{\"@type\":\"BreadcrumbList\",\"@id\":\"https:\\\/\\\/tecnocompfiltri.com\\\/fr\\\/secteurs-dapplication-elements-filtrants\\\/#breadcrumb\",\"itemListElement\":[{\"@type\":\"ListItem\",\"position\":1,\"name\":\"Home\",\"item\":\"https:\\\/\\\/tecnocompfiltri.com\\\/fr\\\/\"},{\"@type\":\"ListItem\",\"position\":2,\"name\":\"Secteurs d&rsquo;application El\u00e9ments filtrants\"}]},{\"@type\":\"WebSite\",\"@id\":\"https:\\\/\\\/tecnocompfiltri.com\\\/#website\",\"url\":\"https:\\\/\\\/tecnocompfiltri.com\\\/\",\"name\":\"Tecnocomp\",\"description\":\"\",\"potentialAction\":[{\"@type\":\"SearchAction\",\"target\":{\"@type\":\"EntryPoint\",\"urlTemplate\":\"https:\\\/\\\/tecnocompfiltri.com\\\/?s={search_term_string}\"},\"query-input\":{\"@type\":\"PropertyValueSpecification\",\"valueRequired\":true,\"valueName\":\"search_term_string\"}}],\"inLanguage\":\"fr-FR\"}]}<\/script>\n<!-- \/ Yoast SEO plugin. -->","yoast_head_json":{"title":"Secteurs d'application El\u00e9ments filtrants - Tecnocomp","robots":{"index":"index","follow":"follow","max-snippet":"max-snippet:-1","max-image-preview":"max-image-preview:large","max-video-preview":"max-video-preview:-1"},"canonical":"https:\/\/tecnocompfiltri.com\/fr\/secteurs-dapplication-elements-filtrants\/","og_locale":"fr_FR","og_type":"article","og_title":"Secteurs d'application El\u00e9ments filtrants - Tecnocomp","og_description":"[vc_row margin_bottom=\u00a0\u00bb0&Prime; padding_top=\u00a0\u00bb0&Prime; padding_bottom=\u00a0\u00bb0&Prime;][vc_column][vc_column_text] POUDRES ET FUMES SECS [\/vc_column_text][\/vc_column][\/vc_row][vc_row][vc_column width=\u00a0\u00bb2\/3&Prime;][vc_single_image image=\u00a0\u00bb1327&Prime; img_size=\u00a0\u00bb480&#215;250&Prime; style=\u00a0\u00bbvc_box_border\u00a0\u00bb onclick=\u00a0\u00bblink_image\u00a0\u00bb][\/vc_column][vc_column width=\u00a0\u00bb1\/3&Prime;][vc_column_text]Filtres \u00e0 air pour syst\u00e8mes de: Peinture ...","og_url":"https:\/\/tecnocompfiltri.com\/fr\/secteurs-dapplication-elements-filtrants\/","og_site_name":"Tecnocomp","twitter_card":"summary_large_image","twitter_misc":{"Dur\u00e9e de lecture estim\u00e9e":"4 minutes"},"schema":{"@context":"https:\/\/schema.org","@graph":[{"@type":"WebPage","@id":"https:\/\/tecnocompfiltri.com\/fr\/secteurs-dapplication-elements-filtrants\/","url":"https:\/\/tecnocompfiltri.com\/fr\/secteurs-dapplication-elements-filtrants\/","name":"Secteurs d'application El\u00e9ments filtrants - Tecnocomp","isPartOf":{"@id":"https:\/\/tecnocompfiltri.com\/#website"},"datePublished":"2020-06-18T13:08:42+00:00","breadcrumb":{"@id":"https:\/\/tecnocompfiltri.com\/fr\/secteurs-dapplication-elements-filtrants\/#breadcrumb"},"inLanguage":"fr-FR","potentialAction":[{"@type":"ReadAction","target":["https:\/\/tecnocompfiltri.com\/fr\/secteurs-dapplication-elements-filtrants\/"]}]},{"@type":"BreadcrumbList","@id":"https:\/\/tecnocompfiltri.com\/fr\/secteurs-dapplication-elements-filtrants\/#breadcrumb","itemListElement":[{"@type":"ListItem","position":1,"name":"Home","item":"https:\/\/tecnocompfiltri.com\/fr\/"},{"@type":"ListItem","position":2,"name":"Secteurs d&rsquo;application El\u00e9ments filtrants"}]},{"@type":"WebSite","@id":"https:\/\/tecnocompfiltri.com\/#website","url":"https:\/\/tecnocompfiltri.com\/","name":"Tecnocomp","description":"","potentialAction":[{"@type":"SearchAction","target":{"@type":"EntryPoint","urlTemplate":"https:\/\/tecnocompfiltri.com\/?s={search_term_string}"},"query-input":{"@type":"PropertyValueSpecification","valueRequired":true,"valueName":"search_term_string"}}],"inLanguage":"fr-FR"}]}},"_links":{"self":[{"href":"https:\/\/tecnocompfiltri.com\/fr\/wp-json\/wp\/v2\/pages\/1917","targetHints":{"allow":["GET"]}}],"collection":[{"href":"https:\/\/tecnocompfiltri.com\/fr\/wp-json\/wp\/v2\/pages"}],"about":[{"href":"https:\/\/tecnocompfiltri.com\/fr\/wp-json\/wp\/v2\/types\/page"}],"author":[{"embeddable":true,"href":"https:\/\/tecnocompfiltri.com\/fr\/wp-json\/wp\/v2\/users\/3"}],"replies":[{"embeddable":true,"href":"https:\/\/tecnocompfiltri.com\/fr\/wp-json\/wp\/v2\/comments?post=1917"}],"version-history":[{"count":1,"href":"https:\/\/tecnocompfiltri.com\/fr\/wp-json\/wp\/v2\/pages\/1917\/revisions"}],"predecessor-version":[{"id":1918,"href":"https:\/\/tecnocompfiltri.com\/fr\/wp-json\/wp\/v2\/pages\/1917\/revisions\/1918"}],"wp:attachment":[{"href":"https:\/\/tecnocompfiltri.com\/fr\/wp-json\/wp\/v2\/media?parent=1917"}],"curies":[{"name":"wp","href":"https:\/\/api.w.org\/{rel}","templated":true}]}}